{"id":59,"date":"2026-03-05T17:47:39","date_gmt":"2026-03-05T17:47:39","guid":{"rendered":"https:\/\/casaatlanticaelhierro.com\/home\/"},"modified":"2026-03-06T00:27:16","modified_gmt":"2026-03-05T23:27:16","slug":"casa","status":"publish","type":"page","link":"https:\/\/casaatlanticaelhierro.com\/","title":{"rendered":"Casa"},"content":{"rendered":"\t\t<div data-elementor-type=\"wp-page\" data-elementor-id=\"59\" class=\"elementor elementor-59\">\n\t\t\t\t<div class=\"elementor-element elementor-element-4c3a01b e-con-full e-flex e-con e-parent\" data-id=\"4c3a01b\" data-element_type=\"container\" data-e-type=\"container\">\n\t\t<div class=\"elementor-element elementor-element-158e2c18 e-con-full e-flex e-con e-child\" data-id=\"158e2c18\" data-element_type=\"container\" data-e-type=\"container\">\n\t\t\t\t<div class=\"elementor-element elementor-element-50be4a92 elementor-invisible elementor-widget elementor-widget-heading\" data-id=\"50be4a92\" data-element_type=\"widget\" data-e-type=\"widget\" data-settings=\"{&quot;_animation&quot;:&quot;fadeInUp&quot;}\" data-widget_type=\"heading.default\">\n\t\t\t\t\t<span class=\"elementor-heading-title elementor-size-default\">casa<br>atl\u00e1ntica<br>el hierro<\/span>\t\t\t\t<\/div>\n\t\t\t\t<div class=\"elementor-element elementor-element-2037753 elementor-align-justify elementor-invisible elementor-widget elementor-widget-button\" data-id=\"2037753\" data-element_type=\"widget\" data-e-type=\"widget\" data-settings=\"{&quot;_animation&quot;:&quot;fadeInDown&quot;}\" data-widget_type=\"button.default\">\n\t\t\t\t\t\t\t\t\t\t<a class=\"elementor-button elementor-button-link elementor-size-sm\" href=\"https:\/\/library.elementor.com\/ceramic-workshops-flexbox\/about-us\/\">\n\t\t\t\t\t\t<span class=\"elementor-button-content-wrapper\">\n\t\t\t\t\t\t\t\t\t<span class=\"elementor-button-text\">retiro para artistas<\/span>\n\t\t\t\t\t<\/span>\n\t\t\t\t\t<\/a>\n\t\t\t\t\t\t\t\t<\/div>\n\t\t\t\t<\/div>\n\t\t<div class=\"elementor-element elementor-element-930ff96 e-con-full elementor-hidden-tablet elementor-hidden-mobile e-flex e-con e-child\" data-id=\"930ff96\" data-element_type=\"container\" data-e-type=\"container\">\n\t\t\t\t<\/div>\n\t\t<div class=\"elementor-element elementor-element-4be2f24 e-con-full elementor-hidden-tablet elementor-hidden-mobile e-flex e-con e-child\" data-id=\"4be2f24\" data-element_type=\"container\" data-e-type=\"container\" data-settings=\"{&quot;background_background&quot;:&quot;classic&quot;}\">\n\t\t\t\t<\/div>\n\t\t<div class=\"elementor-element elementor-element-d5e54d3 e-con-full elementor-hidden-tablet elementor-hidden-mobile e-flex e-con e-child\" data-id=\"d5e54d3\" data-element_type=\"container\" data-e-type=\"container\">\n\t\t\t\t<\/div>\n\t\t<div class=\"elementor-element elementor-element-40b42539 e-con-full elementor-hidden-tablet elementor-hidden-mobile e-flex e-con e-child\" data-id=\"40b42539\" data-element_type=\"container\" data-e-type=\"container\" data-settings=\"{&quot;background_background&quot;:&quot;classic&quot;}\">\n\t\t\t\t<\/div>\n\t\t\t\t<\/div>\n\t\t<div class=\"elementor-element elementor-element-73fd8e95 e-con-full e-flex e-con e-parent\" data-id=\"73fd8e95\" data-element_type=\"container\" data-e-type=\"container\">\n\t\t<div class=\"elementor-element elementor-element-17209eb0 e-con-full e-flex e-con e-child\" data-id=\"17209eb0\" data-element_type=\"container\" data-e-type=\"container\" data-settings=\"{&quot;background_background&quot;:&quot;classic&quot;}\">\n\t\t<div class=\"elementor-element elementor-element-0e8a69a e-con-full e-flex e-con e-child\" data-id=\"0e8a69a\" data-element_type=\"container\" data-e-type=\"container\">\n\t\t\t\t<div class=\"elementor-element elementor-element-93e0019 e-transform elementor-widget elementor-widget-video\" data-id=\"93e0019\" data-element_type=\"widget\" data-e-type=\"widget\" data-settings=\"{&quot;video_type&quot;:&quot;vimeo&quot;,&quot;loop&quot;:&quot;yes&quot;,&quot;_transform_scale_effect_hover&quot;:{&quot;unit&quot;:&quot;px&quot;,&quot;size&quot;:0.5,&quot;sizes&quot;:[]},&quot;_transform_scale_effect_hover_tablet&quot;:{&quot;unit&quot;:&quot;px&quot;,&quot;size&quot;:&quot;&quot;,&quot;sizes&quot;:[]},&quot;_transform_scale_effect_hover_mobile&quot;:{&quot;unit&quot;:&quot;px&quot;,&quot;size&quot;:&quot;&quot;,&quot;sizes&quot;:[]}}\" data-widget_type=\"video.default\">\n\t\t\t\t\t\t\t<div class=\"elementor-wrapper elementor-open-inline\">\n\t\t\t<iframe class=\"elementor-video-iframe\" allowfullscreen allow=\"clipboard-write\" title=\"Reproductor de v\u00eddeo vimeo\" src=\"https:\/\/player.vimeo.com\/video\/407979370?color&amp;autopause=0&amp;loop=1&amp;muted=0&amp;title=1&amp;portrait=1&amp;byline=1#t=\"><\/iframe>\t\t<\/div>\n\t\t\t\t\t\t<\/div>\n\t\t\t\t<\/div>\n\t\t\t\t<\/div>\n\t\t<div class=\"elementor-element elementor-element-2be57289 e-con-full e-flex e-con e-child\" data-id=\"2be57289\" data-element_type=\"container\" data-e-type=\"container\">\n\t\t\t\t<div class=\"elementor-element elementor-element-613938a4 elementor-widget elementor-widget-heading\" data-id=\"613938a4\" data-element_type=\"widget\" data-e-type=\"widget\" data-widget_type=\"heading.default\">\n\t\t\t\t\t<h2 class=\"elementor-heading-title elementor-size-default\">Lo m\u00e1s al sur del continente europeo est\u00e1 rodeado del gran Atl\u00e1ntico.<\/h2>\t\t\t\t<\/div>\n\t\t\t\t<div class=\"elementor-element elementor-element-3e8e9aed elementor-widget elementor-widget-text-editor\" data-id=\"3e8e9aed\" data-element_type=\"widget\" data-e-type=\"widget\" data-widget_type=\"text-editor.default\">\n\t\t\t\t\t\t\t\t\tLa peque\u00f1a isla del Meridiano acoge nuestra aportaci\u00f3n a la creaci\u00f3n art\u00edstica. Una peque\u00f1a casa para el retiro donde te invitamos a mirar, pensar o utilizar un bic y papel.\t\t\t\t\t\t\t\t<\/div>\n\t\t\t\t<div class=\"elementor-element elementor-element-1118f93b elementor-invisible elementor-widget elementor-widget-button\" data-id=\"1118f93b\" data-element_type=\"widget\" data-e-type=\"widget\" data-settings=\"{&quot;_animation&quot;:&quot;fadeInDown&quot;}\" data-widget_type=\"button.default\">\n\t\t\t\t\t\t\t\t\t\t<a class=\"elementor-button elementor-button-link elementor-size-sm\" href=\"https:\/\/library.elementor.com\/ceramic-workshops-flexbox\/about-us\/\">\n\t\t\t\t\t\t<span class=\"elementor-button-content-wrapper\">\n\t\t\t\t\t\t\t\t\t<span class=\"elementor-button-text\">M\u00e1s sobre nosotros<\/span>\n\t\t\t\t\t<\/span>\n\t\t\t\t\t<\/a>\n\t\t\t\t\t\t\t\t<\/div>\n\t\t\t\t<\/div>\n\t\t\t\t<\/div>\n\t\t<div class=\"elementor-element elementor-element-2c9e097c e-con-full e-flex e-con e-parent\" data-id=\"2c9e097c\" data-element_type=\"container\" data-e-type=\"container\">\n\t\t\t\t<div class=\"elementor-element elementor-element-26a0950 elementor-widget elementor-widget-heading\" data-id=\"26a0950\" data-element_type=\"widget\" data-e-type=\"widget\" data-widget_type=\"heading.default\">\n\t\t\t\t\t<span class=\"elementor-heading-title elementor-size-default\">retiro para crear<\/span>\t\t\t\t<\/div>\n\t\t<div class=\"elementor-element elementor-element-38988dea e-con-full e-flex e-con e-child\" data-id=\"38988dea\" data-element_type=\"container\" data-e-type=\"container\">\n\t\t<div class=\"elementor-element elementor-element-4de24439 e-con-full e-flex e-con e-child\" data-id=\"4de24439\" data-element_type=\"container\" data-e-type=\"container\">\n\t\t\t\t<div class=\"elementor-element elementor-element-a440234 elementor-widget elementor-widget-text-editor\" data-id=\"a440234\" data-element_type=\"widget\" data-e-type=\"widget\" data-widget_type=\"text-editor.default\">\n\t\t\t\t\t\t\t\t\tUna vez dentro, aislado, relajado, impregnado de isla est\u00e1s solo, te sientes libre, en equilibrio casi perfecto toca comenzar; extra\u00f1o ser\u00e1 que algo positivo no suceda. La casa invita al primer trago.\t\t\t\t\t\t\t\t<\/div>\n\t\t\t\t<div class=\"elementor-element elementor-element-10ec44b7 elementor-invisible elementor-widget elementor-widget-button\" data-id=\"10ec44b7\" data-element_type=\"widget\" data-e-type=\"widget\" data-settings=\"{&quot;_animation&quot;:&quot;fadeInDown&quot;}\" data-widget_type=\"button.default\">\n\t\t\t\t\t\t\t\t\t\t<a class=\"elementor-button elementor-button-link elementor-size-sm elementor-animation-sink\" href=\"https:\/\/library.elementor.com\/ceramic-workshops-flexbox\/workshops\/\">\n\t\t\t\t\t\t<span class=\"elementor-button-content-wrapper\">\n\t\t\t\t\t\t\t\t\t<span class=\"elementor-button-text\">Casa atl\u00e1ntica<\/span>\n\t\t\t\t\t<\/span>\n\t\t\t\t\t<\/a>\n\t\t\t\t\t\t\t\t<\/div>\n\t\t\t\t<\/div>\n\t\t<div class=\"elementor-element elementor-element-400d557 e-con-full e-flex e-con e-child\" data-id=\"400d557\" data-element_type=\"container\" data-e-type=\"container\">\n\t\t<div class=\"elementor-element elementor-element-5347ee94 e-con-full e-flex e-con e-child\" data-id=\"5347ee94\" data-element_type=\"container\" data-e-type=\"container\">\n\t\t\t\t<div class=\"elementor-element elementor-element-678bbf65 elementor-position-top elementor-widget elementor-widget-image-box\" data-id=\"678bbf65\" data-element_type=\"widget\" data-e-type=\"widget\" data-widget_type=\"image-box.default\">\n\t\t\t\t\t<div class=\"elementor-image-box-wrapper\"><figure class=\"elementor-image-box-img\"><img fetchpriority=\"high\" decoding=\"async\" width=\"1600\" height=\"1200\" src=\"https:\/\/casaatlanticaelhierro.com\/wp-content\/uploads\/2026\/03\/casaatlanticaelhierro-5.jpg\" class=\"elementor-animation-sink attachment-full size-full wp-image-114\" alt=\"\" srcset=\"https:\/\/casaatlanticaelhierro.com\/wp-content\/uploads\/2026\/03\/casaatlanticaelhierro-5.jpg 1600w, https:\/\/casaatlanticaelhierro.com\/wp-content\/uploads\/2026\/03\/casaatlanticaelhierro-5-300x225.jpg 300w, https:\/\/casaatlanticaelhierro.com\/wp-content\/uploads\/2026\/03\/casaatlanticaelhierro-5-1024x768.jpg 1024w, https:\/\/casaatlanticaelhierro.com\/wp-content\/uploads\/2026\/03\/casaatlanticaelhierro-5-768x576.jpg 768w, https:\/\/casaatlanticaelhierro.com\/wp-content\/uploads\/2026\/03\/casaatlanticaelhierro-5-1536x1152.jpg 1536w\" sizes=\"(max-width: 1600px) 100vw, 1600px\" \/><\/figure><div class=\"elementor-image-box-content\"><h3 class=\"elementor-image-box-title\">\u00bfCu\u00e1ntas personas pueden dormir?<\/h3><p class=\"elementor-image-box-description\">Perfecto para dos personas, pero cuatro es posible:<br>\n    \u2022 El dormitorio de planta baja equipado con una cama doble<br>\n    \u2022 El estudio de la planta alta equipado con un sof\u00e1-cama doble<\/p><\/div><\/div>\t\t\t\t<\/div>\n\t\t\t\t<div class=\"elementor-element elementor-element-c8ed9f6 elementor-widget elementor-widget-button\" data-id=\"c8ed9f6\" data-element_type=\"widget\" data-e-type=\"widget\" data-widget_type=\"button.default\">\n\t\t\t\t\t\t\t\t\t\t<a class=\"elementor-button elementor-button-link elementor-size-sm\" href=\"https:\/\/library.elementor.com\/ceramic-workshops-flexbox\/workshops\/#Workshop_Learn_The_Basics\">\n\t\t\t\t\t\t<span class=\"elementor-button-content-wrapper\">\n\t\t\t\t\t\t\t\t\t<span class=\"elementor-button-text\">Learn More<\/span>\n\t\t\t\t\t<\/span>\n\t\t\t\t\t<\/a>\n\t\t\t\t\t\t\t\t<\/div>\n\t\t\t\t<\/div>\n\t\t<div class=\"elementor-element elementor-element-5e2df82d e-con-full e-flex e-con e-child\" data-id=\"5e2df82d\" data-element_type=\"container\" data-e-type=\"container\">\n\t\t\t\t<div class=\"elementor-element elementor-element-b1b2ef2 elementor-position-top elementor-widget elementor-widget-image-box\" data-id=\"b1b2ef2\" data-element_type=\"widget\" data-e-type=\"widget\" data-widget_type=\"image-box.default\">\n\t\t\t\t\t<div class=\"elementor-image-box-wrapper\"><figure class=\"elementor-image-box-img\"><img decoding=\"async\" width=\"1600\" height=\"1200\" src=\"https:\/\/casaatlanticaelhierro.com\/wp-content\/uploads\/2026\/03\/casaatlanticaelhierro-1.jpg\" class=\"elementor-animation-sink attachment-full size-full wp-image-111\" alt=\"\" srcset=\"https:\/\/casaatlanticaelhierro.com\/wp-content\/uploads\/2026\/03\/casaatlanticaelhierro-1.jpg 1600w, https:\/\/casaatlanticaelhierro.com\/wp-content\/uploads\/2026\/03\/casaatlanticaelhierro-1-300x225.jpg 300w, https:\/\/casaatlanticaelhierro.com\/wp-content\/uploads\/2026\/03\/casaatlanticaelhierro-1-1024x768.jpg 1024w, https:\/\/casaatlanticaelhierro.com\/wp-content\/uploads\/2026\/03\/casaatlanticaelhierro-1-768x576.jpg 768w, https:\/\/casaatlanticaelhierro.com\/wp-content\/uploads\/2026\/03\/casaatlanticaelhierro-1-1536x1152.jpg 1536w\" sizes=\"(max-width: 1600px) 100vw, 1600px\" \/><\/figure><div class=\"elementor-image-box-content\"><h3 class=\"elementor-image-box-title\">\u00bfQu\u00e9 hay en la casa?<\/h3><p class=\"elementor-image-box-description\">Dividida en dos espacios conectados por una escalera, el de planta baja comprende el sal\u00f3n-comedor-cocina, en un solo ambiente, y el dormitorio-ba\u00f1o de forma independiente. La planta alta contiene el estudio.<\/p><\/div><\/div>\t\t\t\t<\/div>\n\t\t\t\t<div class=\"elementor-element elementor-element-7d3aa16b elementor-widget elementor-widget-button\" data-id=\"7d3aa16b\" data-element_type=\"widget\" data-e-type=\"widget\" data-widget_type=\"button.default\">\n\t\t\t\t\t\t\t\t\t\t<a class=\"elementor-button elementor-button-link elementor-size-sm\" href=\"https:\/\/library.elementor.com\/ceramic-workshops-flexbox\/workshops\/#Workshop_Master_The_Basics\">\n\t\t\t\t\t\t<span class=\"elementor-button-content-wrapper\">\n\t\t\t\t\t\t\t\t\t<span class=\"elementor-button-text\">Learn More<\/span>\n\t\t\t\t\t<\/span>\n\t\t\t\t\t<\/a>\n\t\t\t\t\t\t\t\t<\/div>\n\t\t\t\t<\/div>\n\t\t<div class=\"elementor-element elementor-element-608ddd19 e-con-full e-flex e-con e-child\" data-id=\"608ddd19\" data-element_type=\"container\" data-e-type=\"container\">\n\t\t\t\t<div class=\"elementor-element elementor-element-3e98a8cc elementor-position-top elementor-widget elementor-widget-image-box\" data-id=\"3e98a8cc\" data-element_type=\"widget\" data-e-type=\"widget\" data-widget_type=\"image-box.default\">\n\t\t\t\t\t<div class=\"elementor-image-box-wrapper\"><figure class=\"elementor-image-box-img\"><img decoding=\"async\" width=\"1600\" height=\"1200\" src=\"https:\/\/casaatlanticaelhierro.com\/wp-content\/uploads\/2026\/03\/casaatlanticaelhierro-9.jpg\" class=\"elementor-animation-sink attachment-full size-full wp-image-118\" alt=\"\" srcset=\"https:\/\/casaatlanticaelhierro.com\/wp-content\/uploads\/2026\/03\/casaatlanticaelhierro-9.jpg 1600w, https:\/\/casaatlanticaelhierro.com\/wp-content\/uploads\/2026\/03\/casaatlanticaelhierro-9-300x225.jpg 300w, https:\/\/casaatlanticaelhierro.com\/wp-content\/uploads\/2026\/03\/casaatlanticaelhierro-9-1024x768.jpg 1024w, https:\/\/casaatlanticaelhierro.com\/wp-content\/uploads\/2026\/03\/casaatlanticaelhierro-9-768x576.jpg 768w, https:\/\/casaatlanticaelhierro.com\/wp-content\/uploads\/2026\/03\/casaatlanticaelhierro-9-1536x1152.jpg 1536w\" sizes=\"(max-width: 1600px) 100vw, 1600px\" \/><\/figure><div class=\"elementor-image-box-content\"><h3 class=\"elementor-image-box-title\">\u00bfQu\u00e9 no hay?<\/h3><p class=\"elementor-image-box-description\">Televisor ni conexi\u00f3n telef\u00f3nica, por lo que no hay wifi. Tampoco hay estr\u00e9s.<br><br><br><br><\/p><\/div><\/div>\t\t\t\t<\/div>\n\t\t\t\t<div class=\"elementor-element elementor-element-20fc3c92 elementor-widget elementor-widget-button\" data-id=\"20fc3c92\" data-element_type=\"widget\" data-e-type=\"widget\" data-widget_type=\"button.default\">\n\t\t\t\t\t\t\t\t\t\t<a class=\"elementor-button elementor-button-link elementor-size-sm\" href=\"https:\/\/library.elementor.com\/ceramic-workshops-flexbox\/workshops\/#Workshop_Be_Ceramic_Superhero\">\n\t\t\t\t\t\t<span class=\"elementor-button-content-wrapper\">\n\t\t\t\t\t\t\t\t\t<span class=\"elementor-button-text\">Learn More<\/span>\n\t\t\t\t\t<\/span>\n\t\t\t\t\t<\/a>\n\t\t\t\t\t\t\t\t<\/div>\n\t\t\t\t<\/div>\n\t\t\t\t<\/div>\n\t\t\t\t<\/div>\n\t\t\t\t<\/div>\n\t\t<div class=\"elementor-element elementor-element-13ae2ab7 e-con-full e-flex e-con e-parent\" data-id=\"13ae2ab7\" data-element_type=\"container\" data-e-type=\"container\">\n\t\t\t\t<div class=\"elementor-element elementor-element-7bfdf851 elementor-widget elementor-widget-heading\" data-id=\"7bfdf851\" data-element_type=\"widget\" data-e-type=\"widget\" data-widget_type=\"heading.default\">\n\t\t\t\t\t<span class=\"elementor-heading-title elementor-size-default\">en el hierro\n<\/span>\t\t\t\t<\/div>\n\t\t\t\t<div class=\"elementor-element elementor-element-a2c177d elementor-widget elementor-widget-image-carousel\" data-id=\"a2c177d\" data-element_type=\"widget\" data-e-type=\"widget\" data-settings=\"{&quot;slides_to_show&quot;:&quot;4&quot;,&quot;slides_to_scroll&quot;:&quot;1&quot;,&quot;navigation&quot;:&quot;none&quot;,&quot;pause_on_hover&quot;:&quot;no&quot;,&quot;pause_on_interaction&quot;:&quot;no&quot;,&quot;slides_to_show_mobile&quot;:&quot;3&quot;,&quot;autoplay&quot;:&quot;yes&quot;,&quot;autoplay_speed&quot;:5000,&quot;infinite&quot;:&quot;yes&quot;,&quot;speed&quot;:500,&quot;image_spacing_custom&quot;:{&quot;unit&quot;:&quot;px&quot;,&quot;size&quot;:20,&quot;sizes&quot;:[]},&quot;image_spacing_custom_tablet&quot;:{&quot;unit&quot;:&quot;px&quot;,&quot;size&quot;:&quot;&quot;,&quot;sizes&quot;:[]},&quot;image_spacing_custom_mobile&quot;:{&quot;unit&quot;:&quot;px&quot;,&quot;size&quot;:&quot;&quot;,&quot;sizes&quot;:[]}}\" data-widget_type=\"image-carousel.default\">\n\t\t\t\t\t\t\t<div class=\"elementor-image-carousel-wrapper swiper\" role=\"region\" aria-roledescription=\"carousel\" aria-label=\"Carrusel de im\u00e1genes\" dir=\"ltr\">\n\t\t\t<div class=\"elementor-image-carousel swiper-wrapper\" aria-live=\"off\">\n\t\t\t\t\t\t\t\t<div class=\"swiper-slide\" role=\"group\" aria-roledescription=\"slide\" aria-label=\"1 de 6\"><figure class=\"swiper-slide-inner\"><img decoding=\"async\" class=\"swiper-slide-image\" src=\"https:\/\/casaatlanticaelhierro.com\/wp-content\/uploads\/2026\/03\/casaatlanticaelhierro-28-768x479.jpg\" alt=\"casaatlanticaelhierro-28\" \/><\/figure><\/div><div class=\"swiper-slide\" role=\"group\" aria-roledescription=\"slide\" aria-label=\"2 de 6\"><figure class=\"swiper-slide-inner\"><img decoding=\"async\" class=\"swiper-slide-image\" src=\"https:\/\/casaatlanticaelhierro.com\/wp-content\/uploads\/2026\/03\/casaatlanticaelhierro-22-768x484.jpg\" alt=\"casaatlanticaelhierro-22\" \/><\/figure><\/div><div class=\"swiper-slide\" role=\"group\" aria-roledescription=\"slide\" aria-label=\"3 de 6\"><figure class=\"swiper-slide-inner\"><img decoding=\"async\" class=\"swiper-slide-image\" src=\"https:\/\/casaatlanticaelhierro.com\/wp-content\/uploads\/2026\/03\/casaatlanticaelhierro-34-768x495.jpg\" alt=\"casaatlanticaelhierro-34\" \/><\/figure><\/div><div class=\"swiper-slide\" role=\"group\" aria-roledescription=\"slide\" aria-label=\"4 de 6\"><figure class=\"swiper-slide-inner\"><img decoding=\"async\" class=\"swiper-slide-image\" src=\"https:\/\/casaatlanticaelhierro.com\/wp-content\/uploads\/2026\/03\/casaatlanticaelhierro-50-768x499.jpg\" alt=\"casaatlanticaelhierro-50\" \/><\/figure><\/div><div class=\"swiper-slide\" role=\"group\" aria-roledescription=\"slide\" aria-label=\"5 de 6\"><figure class=\"swiper-slide-inner\"><img decoding=\"async\" class=\"swiper-slide-image\" src=\"https:\/\/casaatlanticaelhierro.com\/wp-content\/uploads\/2026\/03\/casaatlanticaelhierro-31-768x478.jpg\" alt=\"casaatlanticaelhierro-31\" \/><\/figure><\/div><div class=\"swiper-slide\" role=\"group\" aria-roledescription=\"slide\" aria-label=\"6 de 6\"><figure class=\"swiper-slide-inner\"><img decoding=\"async\" class=\"swiper-slide-image\" src=\"https:\/\/casaatlanticaelhierro.com\/wp-content\/uploads\/2026\/03\/casaatlanticaelhierro-11-768x576.jpg\" alt=\"casaatlanticaelhierro-11\" \/><\/figure><\/div>\t\t\t<\/div>\n\t\t\t\t\t\t\t\n\t\t\t\t\t\t\t\t\t<\/div>\n\t\t\t\t\t\t<\/div>\n\t\t\t\t<\/div>\n\t\t<div class=\"elementor-element elementor-element-40ee7f4f e-con-full e-flex e-con e-parent\" data-id=\"40ee7f4f\" data-element_type=\"container\" data-e-type=\"container\" data-settings=\"{&quot;background_background&quot;:&quot;classic&quot;}\">\n\t\t<div class=\"elementor-element elementor-element-1d6833f3 e-con-full e-flex e-con e-child\" data-id=\"1d6833f3\" data-element_type=\"container\" data-e-type=\"container\">\n\t\t\t\t<div class=\"elementor-element elementor-element-43c8c9c7 elementor-widget elementor-widget-heading\" data-id=\"43c8c9c7\" data-element_type=\"widget\" data-e-type=\"widget\" data-widget_type=\"heading.default\">\n\t\t\t\t\t<h2 class=\"elementor-heading-title elementor-size-default\">We Think you Can Fit in One of Our Workshops<\/h2>\t\t\t\t<\/div>\n\t\t<div class=\"elementor-element elementor-element-5c93612e e-con-full e-flex e-con e-child\" data-id=\"5c93612e\" data-element_type=\"container\" data-e-type=\"container\">\n\t\t\t\t<div class=\"elementor-element elementor-element-629b292e elementor-widget elementor-widget-text-editor\" data-id=\"629b292e\" data-element_type=\"widget\" data-e-type=\"widget\" data-widget_type=\"text-editor.default\">\n\t\t\t\t\t\t\t\t\tWe Think One of Our Workshops Will Fit Your Needs\nReady to check which workshops are available? You can click the button to see all our available workshops or you can call us for a free consultation!\n\t\t\t\t\t\t\t\t<\/div>\n\t\t\t\t<div class=\"elementor-element elementor-element-49417744 elementor-invisible elementor-widget elementor-widget-button\" data-id=\"49417744\" data-element_type=\"widget\" data-e-type=\"widget\" data-settings=\"{&quot;_animation&quot;:&quot;fadeInDown&quot;}\" data-widget_type=\"button.default\">\n\t\t\t\t\t\t\t\t\t\t<a class=\"elementor-button elementor-button-link elementor-size-sm elementor-animation-sink\" href=\"https:\/\/library.elementor.com\/ceramic-workshops-flexbox\/workshops\/\">\n\t\t\t\t\t\t<span class=\"elementor-button-content-wrapper\">\n\t\t\t\t\t\t\t\t\t<span class=\"elementor-button-text\">Check Our Workshops<\/span>\n\t\t\t\t\t<\/span>\n\t\t\t\t\t<\/a>\n\t\t\t\t\t\t\t\t<\/div>\n\t\t\t\t<\/div>\n\t\t\t\t<\/div>\n\t\t\t\t<div class=\"elementor-element elementor-element-3dfa292a elementor-invisible elementor-widget elementor-widget-heading\" data-id=\"3dfa292a\" data-element_type=\"widget\" data-e-type=\"widget\" data-settings=\"{&quot;_animation&quot;:&quot;fadeInUp&quot;}\" data-widget_type=\"heading.default\">\n\t\t\t\t\t<span class=\"elementor-heading-title elementor-size-default\">Workshops<\/span>\t\t\t\t<\/div>\n\t\t\t\t<\/div>\n\t\t\t\t<\/div>\n\t\t","protected":false},"excerpt":{"rendered":"<p>casaatl\u00e1nticael hierro retiro para artistas https:\/\/vimeo.com\/407979370 Lo m\u00e1s al sur del continente europeo est\u00e1 rodeado del gran Atl\u00e1ntico. La peque\u00f1a isla del Meridiano acoge nuestra aportaci\u00f3n a la creaci\u00f3n art\u00edstica. Una peque\u00f1a casa para el retiro donde te invitamos a mirar, pensar o utilizar un bic y papel. M\u00e1s sobre nosotros retiro para crear Una [&hellip;]<\/p>\n","protected":false},"author":1,"featured_media":126,"parent":0,"menu_order":0,"comment_status":"closed","ping_status":"closed","template":"elementor_header_footer","meta":{"footnotes":""},"class_list":["post-59","page","type-page","status-publish","has-post-thumbnail","hentry"],"_links":{"self":[{"href":"https:\/\/casaatlanticaelhierro.com\/index.php?rest_route=\/wp\/v2\/pages\/59","targetHints":{"allow":["GET"]}}],"collection":[{"href":"https:\/\/casaatlanticaelhierro.com\/index.php?rest_route=\/wp\/v2\/pages"}],"about":[{"href":"https:\/\/casaatlanticaelhierro.com\/index.php?rest_route=\/wp\/v2\/types\/page"}],"author":[{"embeddable":true,"href":"https:\/\/casaatlanticaelhierro.com\/index.php?rest_route=\/wp\/v2\/users\/1"}],"replies":[{"embeddable":true,"href":"https:\/\/casaatlanticaelhierro.com\/index.php?rest_route=%2Fwp%2Fv2%2Fcomments&post=59"}],"version-history":[{"count":63,"href":"https:\/\/casaatlanticaelhierro.com\/index.php?rest_route=\/wp\/v2\/pages\/59\/revisions"}],"predecessor-version":[{"id":215,"href":"https:\/\/casaatlanticaelhierro.com\/index.php?rest_route=\/wp\/v2\/pages\/59\/revisions\/215"}],"wp:featuredmedia":[{"embeddable":true,"href":"https:\/\/casaatlanticaelhierro.com\/index.php?rest_route=\/wp\/v2\/media\/126"}],"wp:attachment":[{"href":"https:\/\/casaatlanticaelhierro.com\/index.php?rest_route=%2Fwp%2Fv2%2Fmedia&parent=59"}],"curies":[{"name":"wp","href":"https:\/\/api.w.org\/{rel}","templated":true}]}}